{"id":9722,"date":"2025-07-27T11:10:14","date_gmt":"2025-07-27T09:10:14","guid":{"rendered":"https:\/\/www.folies-gruss.com\/order-program\/"},"modified":"2025-07-27T11:14:56","modified_gmt":"2025-07-27T09:14:56","slug":"order-program","status":"publish","type":"page","link":"https:\/\/www.folies-gruss.com\/en\/order-program\/","title":{"rendered":"Order program"},"content":{"rendered":"\t\t<div data-elementor-type=\"wp-page\" data-elementor-id=\"9722\" class=\"elementor elementor-9722 elementor-9719\" data-elementor-post-type=\"page\">\n\t\t\t\t<div class=\"elementor-element elementor-element-47d3c8a e-flex e-con-boxed e-con e-parent\" data-id=\"47d3c8a\" data-element_type=\"container\" data-e-type=\"container\">\n\t\t\t\t\t<div class=\"e-con-inner\">\n\t\t\t\t<div class=\"elementor-element elementor-element-55bb1eb elementor-widget elementor-widget-spacer\" data-id=\"55bb1eb\" data-element_type=\"widget\" data-e-type=\"widget\" data-widget_type=\"spacer.default\">\n\t\t\t\t<div class=\"elementor-widget-container\">\n\t\t\t\t\t\t\t<div class=\"elementor-spacer\">\n\t\t\t<div class=\"elementor-spacer-inner\"><\/div>\n\t\t<\/div>\n\t\t\t\t\t\t<\/div>\n\t\t\t\t<\/div>\n\t\t\t\t\t<\/div>\n\t\t\t\t<\/div>\n\t\t<div class=\"elementor-element elementor-element-4f1cba1 e-flex e-con-boxed e-con e-parent\" data-id=\"4f1cba1\" data-element_type=\"container\" data-e-type=\"container\">\n\t\t\t\t\t<div class=\"e-con-inner\">\n\t\t<div class=\"elementor-element elementor-element-970ff6e e-con-full e-flex e-con e-child\" data-id=\"970ff6e\" data-element_type=\"container\" data-e-type=\"container\">\n\t\t\t\t<div class=\"elementor-element elementor-element-1d4f789 elementor-widget elementor-widget-image\" data-id=\"1d4f789\" data-element_type=\"widget\" data-e-type=\"widget\" data-widget_type=\"image.default\">\n\t\t\t\t<div class=\"elementor-widget-container\">\n\t\t\t\t\t\t\t\t\t\t\t\t\t\t\t<img fetchpriority=\"high\" decoding=\"async\" width=\"768\" height=\"1024\" src=\"https:\/\/www.folies-gruss.com\/wp-content\/uploads\/2025\/07\/IMG_7353-768x1024.jpg\" class=\"attachment-large size-large wp-image-9667\" alt=\"\" srcset=\"https:\/\/www.folies-gruss.com\/wp-content\/uploads\/2025\/07\/IMG_7353-768x1024.jpg 768w, https:\/\/www.folies-gruss.com\/wp-content\/uploads\/2025\/07\/IMG_7353-225x300.jpg 225w, https:\/\/www.folies-gruss.com\/wp-content\/uploads\/2025\/07\/IMG_7353-1152x1536.jpg 1152w, https:\/\/www.folies-gruss.com\/wp-content\/uploads\/2025\/07\/IMG_7353-1536x2048.jpg 1536w, https:\/\/www.folies-gruss.com\/wp-content\/uploads\/2025\/07\/IMG_7353-scaled.jpg 1920w\" sizes=\"(max-width: 768px) 100vw, 768px\" \/>\t\t\t\t\t\t\t\t\t\t\t\t\t\t\t<\/div>\n\t\t\t\t<\/div>\n\t\t\t\t<\/div>\n\t\t<div class=\"elementor-element elementor-element-ccae762 e-con-full e-flex e-con e-child\" data-id=\"ccae762\" data-element_type=\"container\" data-e-type=\"container\">\n\t\t\t\t<div class=\"elementor-element elementor-element-53a5254 elementor-widget elementor-widget-text-editor\" data-id=\"53a5254\" data-element_type=\"widget\" data-e-type=\"widget\" data-widget_type=\"text-editor.default\">\n\t\t\t\t<div class=\"elementor-widget-container\">\n\t\t\t\t\t\t\t\t\t<h2><strong>WHAT A PROGRAM!<\/strong><\/h2><h3><strong>14 \u20ac<\/strong><\/h3><p>Go backstage at the B\u00e9ziers show: Quand l&#8217;Histoire entre en Piste! A home-made show co-directed by Stephan Gruss and Gr\u00e9gory Antoine. Celebrating 5 years in B\u00e9ziers!    <\/p><p>Fill in the form below &#8211; you&#8217;ll receive a link for online credit card payment &#8211; via paypal, then send the program by post within a maximum of 8 working days.  <\/p>\t\t\t\t\t\t\t\t<\/div>\n\t\t\t\t<\/div>\n\t\t\t\t<div class=\"elementor-element elementor-element-3ba896d elementor-align-left elementor-widget elementor-widget-button\" data-id=\"3ba896d\" data-element_type=\"widget\" data-e-type=\"widget\" data-widget_type=\"button.default\">\n\t\t\t\t<div class=\"elementor-widget-container\">\n\t\t\t\t\t\t\t\t\t<div class=\"elementor-button-wrapper\">\n\t\t\t\t\t<a class=\"elementor-button elementor-button-link elementor-size-sm\" href=\"https:\/\/www.paypal.com\/ncp\/payment\/6JLGTDSESG2FC\" target=\"_blank\">\n\t\t\t\t\t\t<span class=\"elementor-button-content-wrapper\">\n\t\t\t\t\t\t\t\t\t<span class=\"elementor-button-text\">Order the B\u00e9ziers program<\/span>\n\t\t\t\t\t<\/span>\n\t\t\t\t\t<\/a>\n\t\t\t\t<\/div>\n\t\t\t\t\t\t\t\t<\/div>\n\t\t\t\t<\/div>\n\t\t\t\t<\/div>\n\t\t\t\t\t<\/div>\n\t\t\t\t<\/div>\n\t\t\t\t<\/div>\n\t\t","protected":false},"excerpt":{"rendered":"<p>WHAT A PROGRAM! 14 \u20ac Go backstage at the B\u00e9ziers show: Quand l&#8217;Histoire entre en Piste! A home-made show co-directed by Stephan Gruss and Gr\u00e9gory Antoine. Celebrating 5 years in B\u00e9ziers! Fill in the form below &#8211; you&#8217;ll receive a link for online credit card payment &#8211; via paypal, then send the program by post [&hellip;]<\/p>\n","protected":false},"author":1,"featured_media":0,"parent":0,"menu_order":0,"comment_status":"closed","ping_status":"closed","template":"elementor_header_footer","meta":{"footnotes":""},"class_list":["post-9722","page","type-page","status-publish","hentry"],"_links":{"self":[{"href":"https:\/\/www.folies-gruss.com\/en\/wp-json\/wp\/v2\/pages\/9722","targetHints":{"allow":["GET"]}}],"collection":[{"href":"https:\/\/www.folies-gruss.com\/en\/wp-json\/wp\/v2\/pages"}],"about":[{"href":"https:\/\/www.folies-gruss.com\/en\/wp-json\/wp\/v2\/types\/page"}],"author":[{"embeddable":true,"href":"https:\/\/www.folies-gruss.com\/en\/wp-json\/wp\/v2\/users\/1"}],"replies":[{"embeddable":true,"href":"https:\/\/www.folies-gruss.com\/en\/wp-json\/wp\/v2\/comments?post=9722"}],"version-history":[{"count":3,"href":"https:\/\/www.folies-gruss.com\/en\/wp-json\/wp\/v2\/pages\/9722\/revisions"}],"predecessor-version":[{"id":9733,"href":"https:\/\/www.folies-gruss.com\/en\/wp-json\/wp\/v2\/pages\/9722\/revisions\/9733"}],"wp:attachment":[{"href":"https:\/\/www.folies-gruss.com\/en\/wp-json\/wp\/v2\/media?parent=9722"}],"curies":[{"name":"wp","href":"https:\/\/api.w.org\/{rel}","templated":true}]}}