{"id":10108,"date":"2025-08-22T09:47:41","date_gmt":"2025-08-22T07:47:41","guid":{"rendered":"https:\/\/www.folies-gruss.com\/paquete-vip\/"},"modified":"2025-10-18T10:54:12","modified_gmt":"2025-10-18T08:54:12","slug":"paquete-vip","status":"publish","type":"page","link":"https:\/\/www.folies-gruss.com\/es\/paquetes-de-consumo\/paquete-vip\/","title":{"rendered":"Paquete VIP"},"content":{"rendered":"\t\t<div data-elementor-type=\"wp-page\" data-elementor-id=\"10108\" class=\"elementor elementor-10108 elementor-10105\" data-elementor-post-type=\"page\">\n\t\t\t\t<div class=\"elementor-element elementor-element-b3a0089 e-flex e-con-boxed e-con e-parent\" data-id=\"b3a0089\" data-element_type=\"container\" data-e-type=\"container\">\n\t\t\t\t\t<div class=\"e-con-inner\">\n\t\t\t\t<div class=\"elementor-element elementor-element-04a6d1b elementor-widget elementor-widget-image\" data-id=\"04a6d1b\" data-element_type=\"widget\" data-e-type=\"widget\" data-widget_type=\"image.default\">\n\t\t\t\t<div class=\"elementor-widget-container\">\n\t\t\t\t\t\t\t\t\t\t\t\t\t\t\t<img fetchpriority=\"high\" decoding=\"async\" width=\"800\" height=\"534\" src=\"https:\/\/www.folies-gruss.com\/wp-content\/uploads\/2025\/08\/vip-entete-1024x683.webp\" class=\"attachment-large size-large wp-image-10135\" alt=\"\" srcset=\"https:\/\/www.folies-gruss.com\/wp-content\/uploads\/2025\/08\/vip-entete-1024x683.webp 1024w, https:\/\/www.folies-gruss.com\/wp-content\/uploads\/2025\/08\/vip-entete-300x200.webp 300w, https:\/\/www.folies-gruss.com\/wp-content\/uploads\/2025\/08\/vip-entete-768x512.webp 768w, https:\/\/www.folies-gruss.com\/wp-content\/uploads\/2025\/08\/vip-entete.webp 1500w\" sizes=\"(max-width: 800px) 100vw, 800px\" \/>\t\t\t\t\t\t\t\t\t\t\t\t\t\t\t<\/div>\n\t\t\t\t<\/div>\n\t\t\t\t<div class=\"elementor-element elementor-element-a2fdd19 elementor-widget elementor-widget-spacer\" data-id=\"a2fdd19\" data-element_type=\"widget\" data-e-type=\"widget\" data-widget_type=\"spacer.default\">\n\t\t\t\t<div class=\"elementor-widget-container\">\n\t\t\t\t\t\t\t<div class=\"elementor-spacer\">\n\t\t\t<div class=\"elementor-spacer-inner\"><\/div>\n\t\t<\/div>\n\t\t\t\t\t\t<\/div>\n\t\t\t\t<\/div>\n\t\t\t\t<div class=\"elementor-element elementor-element-19e956c elementor-widget elementor-widget-heading\" data-id=\"19e956c\" data-element_type=\"widget\" data-e-type=\"widget\" data-widget_type=\"heading.default\">\n\t\t\t\t<div class=\"elementor-widget-container\">\n\t\t\t\t\t<h1 class=\"elementor-heading-title elementor-size-default\">Paquetes VIP<\/h1>\t\t\t\t<\/div>\n\t\t\t\t<\/div>\n\t\t\t\t<div class=\"elementor-element elementor-element-dd34d0c elementor-widget elementor-widget-heading\" data-id=\"dd34d0c\" data-element_type=\"widget\" data-e-type=\"widget\" data-widget_type=\"heading.default\">\n\t\t\t\t<div class=\"elementor-widget-container\">\n\t\t\t\t\t<h1 class=\"elementor-heading-title elementor-size-default\">Para una experiencia \u00fanica y a medida\n<\/h1>\t\t\t\t<\/div>\n\t\t\t\t<\/div>\n\t\t\t\t\t<\/div>\n\t\t\t\t<\/div>\n\t\t<div class=\"elementor-element elementor-element-af98cc7 e-flex e-con-boxed e-con e-parent\" data-id=\"af98cc7\" data-element_type=\"container\" data-e-type=\"container\">\n\t\t\t\t\t<div class=\"e-con-inner\">\n\t\t<div class=\"elementor-element elementor-element-023829c e-con-full e-flex e-con e-child\" data-id=\"023829c\" data-element_type=\"container\" data-e-type=\"container\" data-settings=\"{&quot;background_background&quot;:&quot;classic&quot;}\">\n\t\t\t\t<div class=\"elementor-element elementor-element-6f7d2d8 elementor-widget elementor-widget-heading\" data-id=\"6f7d2d8\" data-element_type=\"widget\" data-e-type=\"widget\" data-widget_type=\"heading.default\">\n\t\t\t\t<div class=\"elementor-widget-container\">\n\t\t\t\t\t<h1 class=\"elementor-heading-title elementor-size-default\">F\u00d3RMULA VIP\n\n<\/h1>\t\t\t\t<\/div>\n\t\t\t\t<\/div>\n\t\t\t\t<div class=\"elementor-element elementor-element-ecf36b0 elementor-widget elementor-widget-text-editor\" data-id=\"ecf36b0\" data-element_type=\"widget\" data-e-type=\"widget\" data-widget_type=\"text-editor.default\">\n\t\t\t\t<div class=\"elementor-widget-container\">\n\t\t\t\t\t\t\t\t\t<div class=\"elementor-element elementor-element-e2db960 elementor-widget elementor-widget-text-editor\" data-id=\"e2db960\" data-element_type=\"widget\" data-widget_type=\"text-editor.default\"><div class=\"elementor-widget-container\"><p><strong>Bienvenida personalizada<\/strong><br>Azafata dedicada<br>Acceso a la zona VIP<br>Copa de champ\u00e1n<br>Amuse-bouche<br>Entrante a elegir<\/p><p>Aumoni\u00e8re de gambas crujientes con gazpacho<\/p><p>O<\/p><p>Cabra en kadaif (cabello de \u00e1ngel)<br>Un plato a elegir<\/p><p>Ratones de cordero asados al tomillo servidos con pur\u00e9 de patatas y verduras a la sart\u00e9n<\/p><p>O<\/p><p>Filete de San Pedro al horno, arroz jazm\u00edn con salsa de marisco y verduras a la sart\u00e9n<\/p><p>Postre a elegir<br>Profiteroles gigantes<br>O<br>Caf\u00e9 gourmet<\/p><p>(Tambi\u00e9n hay disponible una tabla de quesos)<\/p><p><br>2 bebidas durante la comida.<\/p><p><span style=\"font-family: var( --e-global-typography-text-font-family ), Sans-serif; font-size: 1rem;\">Botella de agua.<\/span><\/p><p>15H00 \/ 21H00 :<br>Mostrar<br>ubicaci\u00f3n privilegiada<br>16H45 \/ 22H45 :<\/p><p>Visita privilegiada de los establos por un artista<br>Entrada a la pista con sonido y luz<br>17H15 \/ 23H15 :<\/p><p>Regalo de recuerdo que incluye 1 programa<br>Una foto con un artista<\/p><\/div><\/div><div class=\"elementor-element elementor-element-0b6eb15 elementor-widget elementor-widget-heading\" data-id=\"0b6eb15\" data-element_type=\"widget\" data-widget_type=\"heading.default\"><div class=\"elementor-widget-container\"> <\/div><\/div>\t\t\t\t\t\t\t\t<\/div>\n\t\t\t\t<\/div>\n\t\t\t\t<div class=\"elementor-element elementor-element-58b0b3b elementor-widget elementor-widget-heading\" data-id=\"58b0b3b\" data-element_type=\"widget\" data-e-type=\"widget\" data-widget_type=\"heading.default\">\n\t\t\t\t<div class=\"elementor-widget-container\">\n\t\t\t\t\t<h4 class=\"elementor-heading-title elementor-size-default\">250 \u20ac<\/h4>\t\t\t\t<\/div>\n\t\t\t\t<\/div>\n\t\t\t\t<div class=\"elementor-element elementor-element-52cb500 elementor-align-center elementor-widget elementor-widget-button\" data-id=\"52cb500\" data-element_type=\"widget\" data-e-type=\"widget\" data-widget_type=\"button.default\">\n\t\t\t\t<div class=\"elementor-widget-container\">\n\t\t\t\t\t\t\t\t\t<div class=\"elementor-button-wrapper\">\n\t\t\t\t\t<a class=\"elementor-button elementor-button-link elementor-size-sm\" href=\"https:\/\/www.folies-gruss.com\/es\/pide-un-presupuesto\/\" target=\"_blank\">\n\t\t\t\t\t\t<span class=\"elementor-button-content-wrapper\">\n\t\t\t\t\t\t\t\t\t<span class=\"elementor-button-text\">Libro<\/span>\n\t\t\t\t\t<\/span>\n\t\t\t\t\t<\/a>\n\t\t\t\t<\/div>\n\t\t\t\t\t\t\t\t<\/div>\n\t\t\t\t<\/div>\n\t\t\t\t<\/div>\n\t\t<div class=\"elementor-element elementor-element-7fd5705 e-con-full e-flex e-con e-child\" data-id=\"7fd5705\" data-element_type=\"container\" data-e-type=\"container\" data-settings=\"{&quot;background_background&quot;:&quot;classic&quot;}\">\n\t\t\t\t<div class=\"elementor-element elementor-element-3dead67 elementor-widget elementor-widget-heading\" data-id=\"3dead67\" data-element_type=\"widget\" data-e-type=\"widget\" data-widget_type=\"heading.default\">\n\t\t\t\t<div class=\"elementor-widget-container\">\n\t\t\t\t\t<h1 class=\"elementor-heading-title elementor-size-default\">PAQUETE INFANTIL VIP\n\nde 3 a 11 a\u00f1os  <\/h1>\t\t\t\t<\/div>\n\t\t\t\t<\/div>\n\t\t\t\t<div class=\"elementor-element elementor-element-c961fd1 elementor-widget elementor-widget-text-editor\" data-id=\"c961fd1\" data-element_type=\"widget\" data-e-type=\"widget\" data-widget_type=\"text-editor.default\">\n\t\t\t\t<div class=\"elementor-widget-container\">\n\t\t\t\t\t\t\t\t\t<div class=\"elementor-element elementor-element-e2db960 elementor-widget elementor-widget-text-editor\" data-id=\"e2db960\" data-element_type=\"widget\" data-widget_type=\"text-editor.default\"><div class=\"elementor-widget-container\"><p><strong>Bienvenida personalizada<\/strong><br>Azafata dedicada<br>Acceso a la zona VIP<\/p><p>Amuse-bouche<\/p><p>Elecci\u00f3n del plato principal a la carta<br>Elecci\u00f3n del postre<br>Elecci\u00f3n del refresco<br>O<br>F\u00f3rmula \u00c0 Dada<\/p><p>Acceso a la zona infantil<\/p><p>15H00 \/ 21H00 :<br>Mostrar<br>ubicaci\u00f3n privilegiada<br>16H45 \/ 22H45 :<\/p><p>Visita privilegiada a los establos por un artista<br>Sonido y luz en la pista<\/p><p>17.15 h \/ 23.15 h:<br>Regalo de recuerdo<br>Una foto con un artista<\/p><\/div><\/div>\t\t\t\t\t\t\t\t<\/div>\n\t\t\t\t<\/div>\n\t\t\t\t<div class=\"elementor-element elementor-element-bd68829 elementor-widget elementor-widget-heading\" data-id=\"bd68829\" data-element_type=\"widget\" data-e-type=\"widget\" data-widget_type=\"heading.default\">\n\t\t\t\t<div class=\"elementor-widget-container\">\n\t\t\t\t\t<h4 class=\"elementor-heading-title elementor-size-default\">175 \u20ac<\/h4>\t\t\t\t<\/div>\n\t\t\t\t<\/div>\n\t\t\t\t<div class=\"elementor-element elementor-element-8fc857f elementor-align-center elementor-widget elementor-widget-button\" data-id=\"8fc857f\" data-element_type=\"widget\" data-e-type=\"widget\" data-widget_type=\"button.default\">\n\t\t\t\t<div class=\"elementor-widget-container\">\n\t\t\t\t\t\t\t\t\t<div class=\"elementor-button-wrapper\">\n\t\t\t\t\t<a class=\"elementor-button elementor-button-link elementor-size-sm\" href=\"https:\/\/www.folies-gruss.com\/es\/pide-un-presupuesto\/\" target=\"_blank\">\n\t\t\t\t\t\t<span class=\"elementor-button-content-wrapper\">\n\t\t\t\t\t\t\t\t\t<span class=\"elementor-button-text\">Libro<\/span>\n\t\t\t\t\t<\/span>\n\t\t\t\t\t<\/a>\n\t\t\t\t<\/div>\n\t\t\t\t\t\t\t\t<\/div>\n\t\t\t\t<\/div>\n\t\t\t\t<\/div>\n\t\t\t\t\t<\/div>\n\t\t\t\t<\/div>\n\t\t\t\t<\/div>\n\t\t","protected":false},"excerpt":{"rendered":"<p>Paquetes VIP Para una experiencia \u00fanica y a medida F\u00d3RMULA VIP Bienvenida personalizadaAzafata dedicadaAcceso a la zona VIPCopa de champ\u00e1nAmuse-boucheEntrante a elegir Aumoni\u00e8re de gambas crujientes con gazpacho O Cabra en kadaif (cabello de \u00e1ngel)Un plato a elegir Ratones de cordero asados al tomillo servidos con pur\u00e9 de patatas y verduras a la sart\u00e9n O [&hellip;]<\/p>\n","protected":false},"author":1,"featured_media":0,"parent":8462,"menu_order":0,"comment_status":"closed","ping_status":"closed","template":"elementor_header_footer","meta":{"footnotes":""},"class_list":["post-10108","page","type-page","status-publish","hentry"],"_links":{"self":[{"href":"https:\/\/www.folies-gruss.com\/es\/wp-json\/wp\/v2\/pages\/10108","targetHints":{"allow":["GET"]}}],"collection":[{"href":"https:\/\/www.folies-gruss.com\/es\/wp-json\/wp\/v2\/pages"}],"about":[{"href":"https:\/\/www.folies-gruss.com\/es\/wp-json\/wp\/v2\/types\/page"}],"author":[{"embeddable":true,"href":"https:\/\/www.folies-gruss.com\/es\/wp-json\/wp\/v2\/users\/1"}],"replies":[{"embeddable":true,"href":"https:\/\/www.folies-gruss.com\/es\/wp-json\/wp\/v2\/comments?post=10108"}],"version-history":[{"count":9,"href":"https:\/\/www.folies-gruss.com\/es\/wp-json\/wp\/v2\/pages\/10108\/revisions"}],"predecessor-version":[{"id":11081,"href":"https:\/\/www.folies-gruss.com\/es\/wp-json\/wp\/v2\/pages\/10108\/revisions\/11081"}],"up":[{"embeddable":true,"href":"https:\/\/www.folies-gruss.com\/es\/wp-json\/wp\/v2\/pages\/8462"}],"wp:attachment":[{"href":"https:\/\/www.folies-gruss.com\/es\/wp-json\/wp\/v2\/media?parent=10108"}],"curies":[{"name":"wp","href":"https:\/\/api.w.org\/{rel}","templated":true}]}}