{"id":8441,"date":"2022-07-01T09:11:05","date_gmt":"2022-07-01T07:11:05","guid":{"rendered":"https:\/\/www.folies-gruss.com\/organizar-una-fiesta-de-cumpleanos\/"},"modified":"2026-01-17T14:39:31","modified_gmt":"2026-01-17T13:39:31","slug":"organizar-una-fiesta-de-cumpleanos","status":"publish","type":"page","link":"https:\/\/www.folies-gruss.com\/es\/paquetes-de-consumo\/organizar-una-fiesta-de-cumpleanos\/","title":{"rendered":"Organizar una fiesta de cumplea\u00f1os"},"content":{"rendered":"\t\t<div data-elementor-type=\"wp-page\" data-elementor-id=\"8441\" class=\"elementor elementor-8441 elementor-1388\" data-elementor-post-type=\"page\">\n\t\t\t\t<div class=\"elementor-element elementor-element-a33e49b e-flex e-con-boxed e-con e-parent\" data-id=\"a33e49b\" data-element_type=\"container\" data-e-type=\"container\">\n\t\t\t\t\t<div class=\"e-con-inner\">\n\t\t\t\t<div class=\"elementor-element elementor-element-65a4f6c elementor-widget elementor-widget-video\" data-id=\"65a4f6c\" data-element_type=\"widget\" data-e-type=\"widget\" data-settings=\"{&quot;video_type&quot;:&quot;vimeo&quot;}\" data-widget_type=\"video.default\">\n\t\t\t\t<div class=\"elementor-widget-container\">\n\t\t\t\t\t\t\t<div class=\"elementor-wrapper elementor-open-inline\">\n\t\t\t<iframe class=\"elementor-video-iframe\" allowfullscreen allow=\"clipboard-write\" title=\"Reproductor de v\u00eddeo vimeo\" src=\"https:\/\/player.vimeo.com\/video\/873260534?color&amp;autopause=0&amp;loop=0&amp;muted=0&amp;title=0&amp;portrait=0&amp;byline=0#t=\"><\/iframe>\t\t<\/div>\n\t\t\t\t\t\t<\/div>\n\t\t\t\t<\/div>\n\t\t\t\t<div class=\"elementor-element elementor-element-d040e2f elementor-widget elementor-widget-spacer\" data-id=\"d040e2f\" data-element_type=\"widget\" data-e-type=\"widget\" data-widget_type=\"spacer.default\">\n\t\t\t\t<div class=\"elementor-widget-container\">\n\t\t\t\t\t\t\t<div class=\"elementor-spacer\">\n\t\t\t<div class=\"elementor-spacer-inner\"><\/div>\n\t\t<\/div>\n\t\t\t\t\t\t<\/div>\n\t\t\t\t<\/div>\n\t\t\t\t<div class=\"elementor-element elementor-element-36bc590 elementor-widget elementor-widget-heading\" data-id=\"36bc590\" data-element_type=\"widget\" data-e-type=\"widget\" data-widget_type=\"heading.default\">\n\t\t\t\t<div class=\"elementor-widget-container\">\n\t\t\t\t\t<h1 class=\"elementor-heading-title elementor-size-default\">T\u00da ERES LA ESTRELLA  <\/h1>\t\t\t\t<\/div>\n\t\t\t\t<\/div>\n\t\t\t\t<div class=\"elementor-element elementor-element-dfb5a67 elementor-widget elementor-widget-heading\" data-id=\"dfb5a67\" data-element_type=\"widget\" data-e-type=\"widget\" data-widget_type=\"heading.default\">\n\t\t\t\t<div class=\"elementor-widget-container\">\n\t\t\t\t\t<h1 class=\"elementor-heading-title elementor-size-default\">\u00a1Una celebraci\u00f3n m\u00e1gica, de cuento de hadas!<br>DOS F\u00d3RMULAS POSIBLES<\/h1>\t\t\t\t<\/div>\n\t\t\t\t<\/div>\n\t\t\t\t\t<\/div>\n\t\t\t\t<\/div>\n\t\t<div class=\"elementor-element elementor-element-ca11137 e-flex e-con-boxed e-con e-parent\" data-id=\"ca11137\" data-element_type=\"container\" data-e-type=\"container\">\n\t\t\t\t\t<div class=\"e-con-inner\">\n\t\t<div class=\"elementor-element elementor-element-ad8a09c e-con-full e-flex e-con e-child\" data-id=\"ad8a09c\" data-element_type=\"container\" data-e-type=\"container\" data-settings=\"{&quot;background_background&quot;:&quot;classic&quot;}\">\n\t\t\t\t<div class=\"elementor-element elementor-element-3cb736f elementor-widget elementor-widget-heading\" data-id=\"3cb736f\" data-element_type=\"widget\" data-e-type=\"widget\" data-widget_type=\"heading.default\">\n\t\t\t\t<div class=\"elementor-widget-container\">\n\t\t\t\t\t<h1 class=\"elementor-heading-title elementor-size-default\">FIESTA DE CUMPLEA\u00d1OS  <\/h1>\t\t\t\t<\/div>\n\t\t\t\t<\/div>\n\t\t\t\t<div class=\"elementor-element elementor-element-0bfa77c elementor-widget elementor-widget-text-editor\" data-id=\"0bfa77c\" data-element_type=\"widget\" data-e-type=\"widget\" data-widget_type=\"text-editor.default\">\n\t\t\t\t<div class=\"elementor-widget-container\">\n\t\t\t\t\t\t\t\t\t<p>Este paquete incluye :<\/p><ul><li><strong>13.15 h:<\/strong> merienda de cumplea\u00f1os y acceso a la zona de juegos<\/li><li><strong>15.00 h: Espect\u00e1culo<\/strong><\/li><li><strong>16.30 h: <\/strong>visita a los establos y encuentro con los artistas<\/li><li>Se ofrecer\u00e1 un programa al cumplea\u00f1ero<\/li><\/ul>\t\t\t\t\t\t\t\t<\/div>\n\t\t\t\t<\/div>\n\t\t\t\t<div class=\"elementor-element elementor-element-5683830 elementor-widget elementor-widget-heading\" data-id=\"5683830\" data-element_type=\"widget\" data-e-type=\"widget\" data-widget_type=\"heading.default\">\n\t\t\t\t<div class=\"elementor-widget-container\">\n\t\t\t\t\t<h4 class=\"elementor-heading-title elementor-size-default\">Tasa<\/h4>\t\t\t\t<\/div>\n\t\t\t\t<\/div>\n\t\t\t\t<div class=\"elementor-element elementor-element-3b12bcb elementor-widget elementor-widget-text-editor\" data-id=\"3b12bcb\" data-element_type=\"widget\" data-e-type=\"widget\" data-widget_type=\"text-editor.default\">\n\t\t\t\t<div class=\"elementor-widget-container\">\n\t\t\t\t\t\t\t\t\t<p>Por persona Colocaci\u00f3n GOLD: 89 euros inc.<\/p><p>Por persona clasificada en SEGUNDA CATEGOR\u00cdA: 59 euros IVA incl.<\/p><p><strong><span style=\"text-decoration: underline;\">GRATIS<\/span> para el ni\u00f1o que cumple a\u00f1os y el adulto organizador<\/strong><\/p><p>A partir de 6 personas (5 ni\u00f1os y 1 adulto)<\/p><p>Se cobra por cada ni\u00f1o participante y por cada adulto adicional (es posible cobrar s\u00f3lo la entrada al espect\u00e1culo si el adulto no participa en la fiesta del t\u00e9).<\/p>\t\t\t\t\t\t\t\t<\/div>\n\t\t\t\t<\/div>\n\t\t\t\t<div class=\"elementor-element elementor-element-b34e679 elementor-align-center elementor-widget elementor-widget-button\" data-id=\"b34e679\" data-element_type=\"widget\" data-e-type=\"widget\" data-widget_type=\"button.default\">\n\t\t\t\t<div class=\"elementor-widget-container\">\n\t\t\t\t\t\t\t\t\t<div class=\"elementor-button-wrapper\">\n\t\t\t\t\t<a class=\"elementor-button elementor-button-link elementor-size-sm\" href=\"https:\/\/folies-gruss-billetterie.tickandlive.com\/evenement\/paris-2025-2026?idwl=7\" target=\"_blank\">\n\t\t\t\t\t\t<span class=\"elementor-button-content-wrapper\">\n\t\t\t\t\t\t\t\t\t<span class=\"elementor-button-text\">Libro<\/span>\n\t\t\t\t\t<\/span>\n\t\t\t\t\t<\/a>\n\t\t\t\t<\/div>\n\t\t\t\t\t\t\t\t<\/div>\n\t\t\t\t<\/div>\n\t\t\t\t<div class=\"elementor-element elementor-element-bf23686 elementor-widget elementor-widget-text-editor\" data-id=\"bf23686\" data-element_type=\"widget\" data-e-type=\"widget\" data-widget_type=\"text-editor.default\">\n\t\t\t\t<div class=\"elementor-widget-container\">\n\t\t\t\t\t\t\t\t\t<p>O ponte en contacto con el 01 45 01 71 26<\/p>\t\t\t\t\t\t\t\t<\/div>\n\t\t\t\t<\/div>\n\t\t\t\t<\/div>\n\t\t<div class=\"elementor-element elementor-element-8c4cdde e-con-full e-flex e-con e-child\" data-id=\"8c4cdde\" data-element_type=\"container\" data-e-type=\"container\" data-settings=\"{&quot;background_background&quot;:&quot;classic&quot;}\">\n\t\t\t\t<div class=\"elementor-element elementor-element-5a5b2a3 elementor-widget elementor-widget-heading\" data-id=\"5a5b2a3\" data-element_type=\"widget\" data-e-type=\"widget\" data-widget_type=\"heading.default\">\n\t\t\t\t<div class=\"elementor-widget-container\">\n\t\t\t\t\t<h1 class=\"elementor-heading-title elementor-size-default\">comida de cumplea\u00f1os  <\/h1>\t\t\t\t<\/div>\n\t\t\t\t<\/div>\n\t\t\t\t<div class=\"elementor-element elementor-element-cf344c3 elementor-widget elementor-widget-text-editor\" data-id=\"cf344c3\" data-element_type=\"widget\" data-e-type=\"widget\" data-widget_type=\"text-editor.default\">\n\t\t\t\t<div class=\"elementor-widget-container\">\n\t\t\t\t\t\t\t\t\t<p>Este paquete incluye :  <\/p><ul><li><strong>12.30 h: <\/strong>Men\u00fa Dada (hamburguesa) o pizza<\/li><li><strong>13.15 h: <\/strong>merienda de cumplea\u00f1os y acceso a la zona de juegos  <\/li><li><strong>15.00 h: Espect\u00e1culo<\/strong><\/li><li><strong>16.30 h:<\/strong> visita a los establos y encuentro con los artistas  <\/li><li>Se ofrecer\u00e1 un programa al cumplea\u00f1ero<\/li><\/ul>\t\t\t\t\t\t\t\t<\/div>\n\t\t\t\t<\/div>\n\t\t\t\t<div class=\"elementor-element elementor-element-2b4d8d7 elementor-widget elementor-widget-heading\" data-id=\"2b4d8d7\" data-element_type=\"widget\" data-e-type=\"widget\" data-widget_type=\"heading.default\">\n\t\t\t\t<div class=\"elementor-widget-container\">\n\t\t\t\t\t<h4 class=\"elementor-heading-title elementor-size-default\">Tasa<\/h4>\t\t\t\t<\/div>\n\t\t\t\t<\/div>\n\t\t\t\t<div class=\"elementor-element elementor-element-0d41edd elementor-widget elementor-widget-text-editor\" data-id=\"0d41edd\" data-element_type=\"widget\" data-e-type=\"widget\" data-widget_type=\"text-editor.default\">\n\t\t\t\t<div class=\"elementor-widget-container\">\n\t\t\t\t\t\t\t\t\t<p>Por persona Colocaci\u00f3n GOLD: 105 euros inc.<\/p><p>Por persona clasificada en SEGUNDA CATEGOR\u00cdA: 75 euros IVA incl.<\/p><p><strong><span style=\"text-decoration: underline;\">GRATIS<\/span> para el ni\u00f1o que cumple a\u00f1os y el adulto organizador<\/strong><\/p><p style=\"caret-color: #000000; color: #000000;\"><span style=\"color: #ffffff; font-family: var( --e-global-typography-text-font-family ), Sans-serif; text-align: var(--text-align); font-size: 1rem;\">A partir de 6 personas (5 ni\u00f1os y 1 adulto)<\/span><\/p><p style=\"caret-color: #000000; color: #000000;\"><span style=\"caret-color: #ffffff; color: #ffffff; font-family: var( --e-global-typography-text-font-family ), Sans-serif; text-align: var(--text-align); font-size: 1rem;\">Se cobra por cada ni\u00f1o participante y por cada adulto adicional (es posible cobrar s\u00f3lo la entrada al espect\u00e1culo si el adulto no participa en la fiesta del t\u00e9).<\/span><\/p>\t\t\t\t\t\t\t\t<\/div>\n\t\t\t\t<\/div>\n\t\t\t\t<div class=\"elementor-element elementor-element-e7947b9 elementor-align-center elementor-widget elementor-widget-button\" data-id=\"e7947b9\" data-element_type=\"widget\" data-e-type=\"widget\" data-widget_type=\"button.default\">\n\t\t\t\t<div class=\"elementor-widget-container\">\n\t\t\t\t\t\t\t\t\t<div class=\"elementor-button-wrapper\">\n\t\t\t\t\t<a class=\"elementor-button elementor-button-link elementor-size-sm\" href=\"https:\/\/folies-gruss-billetterie.tickandlive.com\/evenement\/paris-2025-2026?idwl=8\" target=\"_blank\">\n\t\t\t\t\t\t<span class=\"elementor-button-content-wrapper\">\n\t\t\t\t\t\t\t\t\t<span class=\"elementor-button-text\">Libro<\/span>\n\t\t\t\t\t<\/span>\n\t\t\t\t\t<\/a>\n\t\t\t\t<\/div>\n\t\t\t\t\t\t\t\t<\/div>\n\t\t\t\t<\/div>\n\t\t\t\t<div class=\"elementor-element elementor-element-7f44d05 elementor-widget elementor-widget-text-editor\" data-id=\"7f44d05\" data-element_type=\"widget\" data-e-type=\"widget\" data-widget_type=\"text-editor.default\">\n\t\t\t\t<div class=\"elementor-widget-container\">\n\t\t\t\t\t\t\t\t\t<p>O ponte en contacto con el 01 45 01 71 26<\/p>\t\t\t\t\t\t\t\t<\/div>\n\t\t\t\t<\/div>\n\t\t\t\t<\/div>\n\t\t\t\t\t<\/div>\n\t\t\t\t<\/div>\n\t\t\t\t<\/div>\n\t\t","protected":false},"excerpt":{"rendered":"<p>T\u00da ERES LA ESTRELLA \u00a1Una celebraci\u00f3n m\u00e1gica, de cuento de hadas!DOS F\u00d3RMULAS POSIBLES FIESTA DE CUMPLEA\u00d1OS Este paquete incluye : 13.15 h: merienda de cumplea\u00f1os y acceso a la zona de juegos 15.00 h: Espect\u00e1culo 16.30 h: visita a los establos y encuentro con los artistas Se ofrecer\u00e1 un programa al cumplea\u00f1ero Tasa Por persona [&hellip;]<\/p>\n","protected":false},"author":1,"featured_media":0,"parent":8462,"menu_order":0,"comment_status":"closed","ping_status":"closed","template":"elementor_header_footer","meta":{"footnotes":""},"class_list":["post-8441","page","type-page","status-publish","hentry"],"_links":{"self":[{"href":"https:\/\/www.folies-gruss.com\/es\/wp-json\/wp\/v2\/pages\/8441","targetHints":{"allow":["GET"]}}],"collection":[{"href":"https:\/\/www.folies-gruss.com\/es\/wp-json\/wp\/v2\/pages"}],"about":[{"href":"https:\/\/www.folies-gruss.com\/es\/wp-json\/wp\/v2\/types\/page"}],"author":[{"embeddable":true,"href":"https:\/\/www.folies-gruss.com\/es\/wp-json\/wp\/v2\/users\/1"}],"replies":[{"embeddable":true,"href":"https:\/\/www.folies-gruss.com\/es\/wp-json\/wp\/v2\/comments?post=8441"}],"version-history":[{"count":37,"href":"https:\/\/www.folies-gruss.com\/es\/wp-json\/wp\/v2\/pages\/8441\/revisions"}],"predecessor-version":[{"id":12609,"href":"https:\/\/www.folies-gruss.com\/es\/wp-json\/wp\/v2\/pages\/8441\/revisions\/12609"}],"up":[{"embeddable":true,"href":"https:\/\/www.folies-gruss.com\/es\/wp-json\/wp\/v2\/pages\/8462"}],"wp:attachment":[{"href":"https:\/\/www.folies-gruss.com\/es\/wp-json\/wp\/v2\/media?parent=8441"}],"curies":[{"name":"wp","href":"https:\/\/api.w.org\/{rel}","templated":true}]}}