{"id":8462,"date":"2022-07-26T17:32:38","date_gmt":"2022-07-26T15:32:38","guid":{"rendered":"https:\/\/www.folies-gruss.com\/paquetes-de-consumo\/"},"modified":"2025-08-22T10:27:21","modified_gmt":"2025-08-22T08:27:21","slug":"paquetes-de-consumo","status":"publish","type":"page","link":"https:\/\/www.folies-gruss.com\/es\/paquetes-de-consumo\/","title":{"rendered":"Paquetes de consumo"},"content":{"rendered":"\t\t<div data-elementor-type=\"wp-page\" data-elementor-id=\"8462\" class=\"elementor elementor-8462 elementor-1884\" data-elementor-post-type=\"page\">\n\t\t\t\t<div class=\"elementor-element elementor-element-12ac90e e-flex e-con-boxed e-con e-parent\" data-id=\"12ac90e\" data-element_type=\"container\" data-e-type=\"container\">\n\t\t\t\t\t<div class=\"e-con-inner\">\n\t\t\t\t<div class=\"elementor-element elementor-element-c6dd005 elementor-widget elementor-widget-heading\" data-id=\"c6dd005\" data-element_type=\"widget\" data-e-type=\"widget\" data-widget_type=\"heading.default\">\n\t\t\t\t<div class=\"elementor-widget-container\">\n\t\t\t\t\t<h1 class=\"elementor-heading-title elementor-size-default\">Nuestros paquetes<\/h1>\t\t\t\t<\/div>\n\t\t\t\t<\/div>\n\t\t\t\t<div class=\"elementor-element elementor-element-ffb3905 elementor-widget elementor-widget-text-editor\" data-id=\"ffb3905\" data-element_type=\"widget\" data-e-type=\"widget\" data-widget_type=\"text-editor.default\">\n\t\t\t\t<div class=\"elementor-widget-container\">\n\t\t\t\t\t\t\t\t\t<p>\u00a1Lleno de sorpresas!<\/p>\t\t\t\t\t\t\t\t<\/div>\n\t\t\t\t<\/div>\n\t\t\t\t\t<\/div>\n\t\t\t\t<\/div>\n\t\t<div class=\"elementor-element elementor-element-6e14864 e-grid e-con-boxed e-con e-child\" data-id=\"6e14864\" data-element_type=\"container\" data-e-type=\"container\">\n\t\t\t\t\t<div class=\"e-con-inner\">\n\t\t<div class=\"elementor-element elementor-element-74b3eb5 e-con-full e-flex e-con e-child\" data-id=\"74b3eb5\" data-element_type=\"container\" data-e-type=\"container\">\n\t\t\t\t<div class=\"elementor-element elementor-element-61eef8f elementor-widget elementor-widget-heading\" data-id=\"61eef8f\" data-element_type=\"widget\" data-e-type=\"widget\" data-widget_type=\"heading.default\">\n\t\t\t\t<div class=\"elementor-widget-container\">\n\t\t\t\t\t<h4 class=\"elementor-heading-title elementor-size-default\">D\u00eda de la familia<\/h4>\t\t\t\t<\/div>\n\t\t\t\t<\/div>\n\t\t\t\t<div class=\"elementor-element elementor-element-6870f0f elementor-widget elementor-widget-image\" data-id=\"6870f0f\" data-element_type=\"widget\" data-e-type=\"widget\" data-widget_type=\"image.default\">\n\t\t\t\t<div class=\"elementor-widget-container\">\n\t\t\t\t\t\t\t\t\t\t\t\t\t\t\t\t<a href=\"https:\/\/www.folies-gruss.com\/es\/paquetes-de-consumo\/paquete-dia-de-la-familia\/\">\n\t\t\t\t\t\t\t<img fetchpriority=\"high\" decoding=\"async\" width=\"800\" height=\"800\" src=\"https:\/\/www.folies-gruss.com\/wp-content\/uploads\/2025\/08\/family-day.webp\" class=\"attachment-large size-large wp-image-10008\" alt=\"\" srcset=\"https:\/\/www.folies-gruss.com\/wp-content\/uploads\/2025\/08\/family-day.webp 1000w, https:\/\/www.folies-gruss.com\/wp-content\/uploads\/2025\/08\/family-day-300x300.webp 300w, https:\/\/www.folies-gruss.com\/wp-content\/uploads\/2025\/08\/family-day-150x150.webp 150w, https:\/\/www.folies-gruss.com\/wp-content\/uploads\/2025\/08\/family-day-768x768.webp 768w\" sizes=\"(max-width: 800px) 100vw, 800px\" \/>\t\t\t\t\t\t\t\t<\/a>\n\t\t\t\t\t\t\t\t\t\t\t\t\t\t\t<\/div>\n\t\t\t\t<\/div>\n\t\t\t\t<div class=\"elementor-element elementor-element-f28ed5f elementor-widget elementor-widget-text-editor\" data-id=\"f28ed5f\" data-element_type=\"widget\" data-e-type=\"widget\" data-widget_type=\"text-editor.default\">\n\t\t\t\t<div class=\"elementor-widget-container\">\n\t\t\t\t\t\t\t\t\t<div class=\"gmail_default\">\u00a1Un domingo en familia en el Folies Gruss! \u00a1Visita los establos, come y disfruta del espect\u00e1culo! <br> <\/div>\t\t\t\t\t\t\t\t<\/div>\n\t\t\t\t<\/div>\n\t\t\t\t<div class=\"elementor-element elementor-element-7d20d1c elementor-align-center elementor-widget elementor-widget-button\" data-id=\"7d20d1c\" data-element_type=\"widget\" data-e-type=\"widget\" data-widget_type=\"button.default\">\n\t\t\t\t<div class=\"elementor-widget-container\">\n\t\t\t\t\t\t\t\t\t<div class=\"elementor-button-wrapper\">\n\t\t\t\t\t<a class=\"elementor-button elementor-button-link elementor-size-sm\" href=\"https:\/\/www.folies-gruss.com\/es\/paquetes-de-consumo\/paquete-dia-de-la-familia\/\">\n\t\t\t\t\t\t<span class=\"elementor-button-content-wrapper\">\n\t\t\t\t\t\t\t\t\t<span class=\"elementor-button-text\">M\u00e1s informaci\u00f3n<\/span>\n\t\t\t\t\t<\/span>\n\t\t\t\t\t<\/a>\n\t\t\t\t<\/div>\n\t\t\t\t\t\t\t\t<\/div>\n\t\t\t\t<\/div>\n\t\t\t\t<\/div>\n\t\t<div class=\"elementor-element elementor-element-02df451 e-con-full e-flex e-con e-child\" data-id=\"02df451\" data-element_type=\"container\" data-e-type=\"container\">\n\t\t\t\t<div class=\"elementor-element elementor-element-494bb66 elementor-widget elementor-widget-heading\" data-id=\"494bb66\" data-element_type=\"widget\" data-e-type=\"widget\" data-widget_type=\"heading.default\">\n\t\t\t\t<div class=\"elementor-widget-container\">\n\t\t\t\t\t<h4 class=\"elementor-heading-title elementor-size-default\">VIP<\/h4>\t\t\t\t<\/div>\n\t\t\t\t<\/div>\n\t\t\t\t<div class=\"elementor-element elementor-element-5acb102 elementor-widget elementor-widget-image\" data-id=\"5acb102\" data-element_type=\"widget\" data-e-type=\"widget\" data-widget_type=\"image.default\">\n\t\t\t\t<div class=\"elementor-widget-container\">\n\t\t\t\t\t\t\t\t\t\t\t\t\t\t\t<img decoding=\"async\" width=\"800\" height=\"800\" src=\"https:\/\/www.folies-gruss.com\/wp-content\/uploads\/2025\/08\/vip.webp\" class=\"attachment-large size-large wp-image-10014\" alt=\"\" srcset=\"https:\/\/www.folies-gruss.com\/wp-content\/uploads\/2025\/08\/vip.webp 1000w, https:\/\/www.folies-gruss.com\/wp-content\/uploads\/2025\/08\/vip-300x300.webp 300w, https:\/\/www.folies-gruss.com\/wp-content\/uploads\/2025\/08\/vip-150x150.webp 150w, https:\/\/www.folies-gruss.com\/wp-content\/uploads\/2025\/08\/vip-768x768.webp 768w\" sizes=\"(max-width: 800px) 100vw, 800px\" \/>\t\t\t\t\t\t\t\t\t\t\t\t\t\t\t<\/div>\n\t\t\t\t<\/div>\n\t\t\t\t<div class=\"elementor-element elementor-element-1e49701 elementor-widget elementor-widget-text-editor\" data-id=\"1e49701\" data-element_type=\"widget\" data-e-type=\"widget\" data-widget_type=\"text-editor.default\">\n\t\t\t\t<div class=\"elementor-widget-container\">\n\t\t\t\t\t\t\t\t\t<div class=\"gmail_default\"><div class=\"gmail_default\">Date un capricho excepcional: con el paquete VIP, disfruta de una experiencia exclusiva sin l\u00edmites ni esperas.  <b><br><\/b><\/div><\/div>\t\t\t\t\t\t\t\t<\/div>\n\t\t\t\t<\/div>\n\t\t\t\t<div class=\"elementor-element elementor-element-0ec86a9 elementor-align-center elementor-widget elementor-widget-button\" data-id=\"0ec86a9\" data-element_type=\"widget\" data-e-type=\"widget\" data-widget_type=\"button.default\">\n\t\t\t\t<div class=\"elementor-widget-container\">\n\t\t\t\t\t\t\t\t\t<div class=\"elementor-button-wrapper\">\n\t\t\t\t\t<a class=\"elementor-button elementor-button-link elementor-size-sm\" href=\"https:\/\/www.folies-gruss.com\/es\/paquetes-de-consumo\/paquete-vip\/\">\n\t\t\t\t\t\t<span class=\"elementor-button-content-wrapper\">\n\t\t\t\t\t\t\t\t\t<span class=\"elementor-button-text\">M\u00e1s informaci\u00f3n<\/span>\n\t\t\t\t\t<\/span>\n\t\t\t\t\t<\/a>\n\t\t\t\t<\/div>\n\t\t\t\t\t\t\t\t<\/div>\n\t\t\t\t<\/div>\n\t\t\t\t<\/div>\n\t\t<div class=\"elementor-element elementor-element-ec915bf e-con-full e-flex e-con e-child\" data-id=\"ec915bf\" data-element_type=\"container\" data-e-type=\"container\">\n\t\t\t\t<div class=\"elementor-element elementor-element-e9dd941 elementor-widget elementor-widget-heading\" data-id=\"e9dd941\" data-element_type=\"widget\" data-e-type=\"widget\" data-widget_type=\"heading.default\">\n\t\t\t\t<div class=\"elementor-widget-container\">\n\t\t\t\t\t<h4 class=\"elementor-heading-title elementor-size-default\">Cumplea\u00f1os<\/h4>\t\t\t\t<\/div>\n\t\t\t\t<\/div>\n\t\t\t\t<div class=\"elementor-element elementor-element-36ae7e6 elementor-widget elementor-widget-image\" data-id=\"36ae7e6\" data-element_type=\"widget\" data-e-type=\"widget\" data-widget_type=\"image.default\">\n\t\t\t\t<div class=\"elementor-widget-container\">\n\t\t\t\t\t\t\t\t\t\t\t\t\t\t\t<img decoding=\"async\" width=\"800\" height=\"800\" src=\"https:\/\/www.folies-gruss.com\/wp-content\/uploads\/2025\/08\/anniversaire.webp\" class=\"attachment-large size-large wp-image-10011\" alt=\"\" srcset=\"https:\/\/www.folies-gruss.com\/wp-content\/uploads\/2025\/08\/anniversaire.webp 1000w, https:\/\/www.folies-gruss.com\/wp-content\/uploads\/2025\/08\/anniversaire-300x300.webp 300w, https:\/\/www.folies-gruss.com\/wp-content\/uploads\/2025\/08\/anniversaire-150x150.webp 150w, https:\/\/www.folies-gruss.com\/wp-content\/uploads\/2025\/08\/anniversaire-768x768.webp 768w\" sizes=\"(max-width: 800px) 100vw, 800px\" \/>\t\t\t\t\t\t\t\t\t\t\t\t\t\t\t<\/div>\n\t\t\t\t<\/div>\n\t\t\t\t<div class=\"elementor-element elementor-element-f3891c5 elementor-widget elementor-widget-text-editor\" data-id=\"f3891c5\" data-element_type=\"widget\" data-e-type=\"widget\" data-widget_type=\"text-editor.default\">\n\t\t\t\t<div class=\"elementor-widget-container\">\n\t\t\t\t\t\t\t\t\t<div class=\"gmail_default\"><div class=\"gmail_default\">\u00a1Haz de tu cumplea\u00f1os una ocasi\u00f3n \u00fanica con un paquete completo para sorprenderte!  <\/div><\/div>\t\t\t\t\t\t\t\t<\/div>\n\t\t\t\t<\/div>\n\t\t\t\t<div class=\"elementor-element elementor-element-268cadc elementor-align-center elementor-widget elementor-widget-button\" data-id=\"268cadc\" data-element_type=\"widget\" data-e-type=\"widget\" data-widget_type=\"button.default\">\n\t\t\t\t<div class=\"elementor-widget-container\">\n\t\t\t\t\t\t\t\t\t<div class=\"elementor-button-wrapper\">\n\t\t\t\t\t<a class=\"elementor-button elementor-button-link elementor-size-sm\" href=\"https:\/\/www.folies-gruss.com\/es\/paquetes-de-consumo\/organizar-una-fiesta-de-cumpleanos\/\">\n\t\t\t\t\t\t<span class=\"elementor-button-content-wrapper\">\n\t\t\t\t\t\t\t\t\t<span class=\"elementor-button-text\">M\u00e1s informaci\u00f3n<\/span>\n\t\t\t\t\t<\/span>\n\t\t\t\t\t<\/a>\n\t\t\t\t<\/div>\n\t\t\t\t\t\t\t\t<\/div>\n\t\t\t\t<\/div>\n\t\t\t\t<\/div>\n\t\t\t\t\t<\/div>\n\t\t\t\t<\/div>\n\t\t\t\t<\/div>\n\t\t","protected":false},"excerpt":{"rendered":"<p>Nuestros paquetes \u00a1Lleno de sorpresas! D\u00eda de la familia \u00a1Un domingo en familia en el Folies Gruss! \u00a1Visita los establos, come y disfruta del espect\u00e1culo! M\u00e1s informaci\u00f3n VIP Date un capricho excepcional: con el paquete VIP, disfruta de una experiencia exclusiva sin l\u00edmites ni esperas. M\u00e1s informaci\u00f3n Cumplea\u00f1os \u00a1Haz de tu cumplea\u00f1os una ocasi\u00f3n \u00fanica [&hellip;]<\/p>\n","protected":false},"author":1,"featured_media":0,"parent":0,"menu_order":0,"comment_status":"closed","ping_status":"closed","template":"elementor_header_footer","meta":{"footnotes":""},"class_list":["post-8462","page","type-page","status-publish","hentry"],"_links":{"self":[{"href":"https:\/\/www.folies-gruss.com\/es\/wp-json\/wp\/v2\/pages\/8462","targetHints":{"allow":["GET"]}}],"collection":[{"href":"https:\/\/www.folies-gruss.com\/es\/wp-json\/wp\/v2\/pages"}],"about":[{"href":"https:\/\/www.folies-gruss.com\/es\/wp-json\/wp\/v2\/types\/page"}],"author":[{"embeddable":true,"href":"https:\/\/www.folies-gruss.com\/es\/wp-json\/wp\/v2\/users\/1"}],"replies":[{"embeddable":true,"href":"https:\/\/www.folies-gruss.com\/es\/wp-json\/wp\/v2\/comments?post=8462"}],"version-history":[{"count":4,"href":"https:\/\/www.folies-gruss.com\/es\/wp-json\/wp\/v2\/pages\/8462\/revisions"}],"predecessor-version":[{"id":10181,"href":"https:\/\/www.folies-gruss.com\/es\/wp-json\/wp\/v2\/pages\/8462\/revisions\/10181"}],"wp:attachment":[{"href":"https:\/\/www.folies-gruss.com\/es\/wp-json\/wp\/v2\/media?parent=8462"}],"curies":[{"name":"wp","href":"https:\/\/api.w.org\/{rel}","templated":true}]}}