{"id":8463,"date":"2022-06-30T14:46:43","date_gmt":"2022-06-30T12:46:43","guid":{"rendered":"https:\/\/www.folies-gruss.com\/informacion-legal\/"},"modified":"2025-07-03T11:27:29","modified_gmt":"2025-07-03T09:27:29","slug":"informacion-legal","status":"publish","type":"page","link":"https:\/\/www.folies-gruss.com\/es\/informacion-legal\/","title":{"rendered":"Informaci\u00f3n legal"},"content":{"rendered":"\t\t<div data-elementor-type=\"wp-page\" data-elementor-id=\"8463\" class=\"elementor elementor-8463 elementor-1337\" data-elementor-post-type=\"page\">\n\t\t\t\t\t\t<section class=\"elementor-section elementor-top-section elementor-element elementor-element-e569034 elementor-section-boxed elementor-section-height-default elementor-section-height-default\" data-id=\"e569034\" data-element_type=\"section\" data-e-type=\"section\">\n\t\t\t\t\t\t<div class=\"elementor-container elementor-column-gap-default\">\n\t\t\t\t\t<div class=\"elementor-column elementor-col-100 elementor-top-column elementor-element elementor-element-fcee0a5\" data-id=\"fcee0a5\" data-element_type=\"column\" data-e-type=\"column\">\n\t\t\t<div class=\"elementor-widget-wrap elementor-element-populated\">\n\t\t\t\t\t\t<div class=\"elementor-element elementor-element-dc48638 elementor-widget elementor-widget-spacer\" data-id=\"dc48638\" data-element_type=\"widget\" data-e-type=\"widget\" data-widget_type=\"spacer.default\">\n\t\t\t\t<div class=\"elementor-widget-container\">\n\t\t\t\t\t\t\t<div class=\"elementor-spacer\">\n\t\t\t<div class=\"elementor-spacer-inner\"><\/div>\n\t\t<\/div>\n\t\t\t\t\t\t<\/div>\n\t\t\t\t<\/div>\n\t\t\t\t<div class=\"elementor-element elementor-element-3808f71 elementor-widget elementor-widget-heading\" data-id=\"3808f71\" data-element_type=\"widget\" data-e-type=\"widget\" data-widget_type=\"heading.default\">\n\t\t\t\t<div class=\"elementor-widget-container\">\n\t\t\t\t\t<h1 class=\"elementor-heading-title elementor-size-default\">Informaci\u00f3n legal<\/h1>\t\t\t\t<\/div>\n\t\t\t\t<\/div>\n\t\t\t\t<div class=\"elementor-element elementor-element-2f3ee8d elementor-widget elementor-widget-text-editor\" data-id=\"2f3ee8d\" data-element_type=\"widget\" data-e-type=\"widget\" data-widget_type=\"text-editor.default\">\n\t\t\t\t<div class=\"elementor-widget-container\">\n\t\t\t\t\t\t\t\t\t<p>SOCI\u00c9T\u00c9 DE PRODUCTION AG es una sociedad de responsabilidad limitada con un capital de 7.622,45 euros, con domicilio social en 55 Avenue Marceau 75016 &#8211; Par\u00eds, registrada con el n\u00famero RCS Paris B 319 556 494.<\/p>\n<p><\/p>\n<p>Les Folies Gruss es el editor del sitio web <a href=\"http:\/\/www.folies-gruss.com\">www.folies-gruss.com<\/a> (en adelante, el \u00abSitio\u00bb) y el Sr. Firmin Gruss es su director de publicaci\u00f3n en calidad de Director General.<\/p>\n<p><\/p>\n<p>El Sitio est\u00e1 alojado por OVH, una Soci\u00e9t\u00e9 par Actions Simplifi\u00e9e (Sociedad por Acciones Simplificada) con un capital de 10.000.000,00 euros, con domicilio social en 2 Rue Kellermann, 59100 Roubaix, registrada con el n\u00famero RCS Lille M\u00e9tropole B 424 761 419.<\/p>\n<p><\/p>\n<p>Si tienes alguna pregunta, ponte en contacto con la taquilla del Folies Gruss:<\/p>\n<p><\/p>\n<p>Productora AG <br><span style=\"color: var( --e-global-color-text ); font-family: var( --e-global-typography-text-font-family ), Sans-serif; font-weight: var( --e-global-typography-text-font-weight ); background-color: var( --e-global-color-1d00e79 ); font-size: 1rem;\">55 Avenue Marceau <br><\/span><span style=\"color: var( --e-global-color-text ); font-family: var( --e-global-typography-text-font-family ), Sans-serif; font-weight: var( --e-global-typography-text-font-weight ); background-color: var( --e-global-color-1d00e79 ); font-size: 1rem;\">75016 Par\u00eds<\/span><\/p>\n<p>Tel\u00e9fono: 00 33 (0)1 45 01 71 26<br>Correo electr\u00f3nico: billetterie@alexis-gruss.com<\/p>\n<p><\/p>\n<p>El acceso al Sitio y el uso de su contenido est\u00e1n sujetos a las condiciones de uso que se describen a continuaci\u00f3n. Al acceder y navegar por el Sitio, aceptas sin reservas los siguientes t\u00e9rminos y condiciones: <\/p>\n<p><\/p>\n<p><strong>Garant\u00edas y responsabilidad<\/strong><\/p>\n<p><\/p>\n<p>Les Folies Gruss hace todo lo posible para garantizar que la informaci\u00f3n accesible a trav\u00e9s del Sitio sea exacta y est\u00e9 actualizada. Sin embargo, Les Folies Gruss no garantiza en modo alguno que esta informaci\u00f3n sea exacta, completa y actualizada. Les Folies Gruss no ofrece ninguna garant\u00eda, expresa o t\u00e1cita, sobre la totalidad o parte del Sitio. Les Folies Gruss declina asimismo toda responsabilidad relativa al acceso y al contenido de los sitios vinculados al Sitio.   <\/p>\n<p>En ning\u00fan caso podr\u00e1 responsabilizarse a Les Folies Gruss de cualquier da\u00f1o directo o indirecto, cualquiera que sea su causa, origen, naturaleza o consecuencia, resultante de la consulta o utilizaci\u00f3n del Sitio. En particular, Les Folies Gruss declinan toda responsabilidad en caso de interrupci\u00f3n o inaccesibilidad del Sitio, de aparici\u00f3n de bugs, de cualquier da\u00f1o resultante de actos fraudulentos de terceros (como la intrusi\u00f3n) desde el Sitio. <\/p>\n<p>Les Folies Gruss implementa medios destinados a garantizar la seguridad de los ficheros constituidos a partir de datos personales recogidos en el Sitio. Les Folies Gruss no controla los riesgos vinculados al funcionamiento de Internet y llama tu atenci\u00f3n sobre la existencia de posibles riesgos en t\u00e9rminos de confidencialidad de los datos que transitan por esta red. <\/p>\n<p><\/p>\n<p><strong>Informaci\u00f3n legal<\/strong><\/p>\n<p><\/p>\n<p>La SOCI\u00c9T\u00c9 DE PRODUCTION AG te informa de que el presente aviso puede ser modificado en cualquier momento. Estas modificaciones se publican en el momento de su puesta en l\u00ednea y se consideran aceptadas sin reservas cuando accedes a la P\u00e1gina despu\u00e9s de su puesta en l\u00ednea. Te recomendamos que consultes esta p\u00e1gina con regularidad.  <\/p>\n<p><\/p>\n<p><strong>Litigios<\/strong><\/p>\n<p><\/p>\n<p>Las presentes condiciones se han redactado de conformidad con la legislaci\u00f3n francesa y, en particular, con las disposiciones de la ley de 21 de junio de 2004 sobre la confianza en la econom\u00eda digital y la ley de 6 de enero de 1978, modificada por la ley de 6 de agosto de 2004 sobre la inform\u00e1tica y las libertades. Los tribunales franceses tienen competencia territorial para conocer de cualquier litigio relacionado con el Sitio.   <\/p>\n<p> <\/p>\n<p>CONDICIONES GENERALES DE USO DE LA APLICACI\u00d3N DE RADIO FOLIES GRUSS  <\/p>\n<h5 class=\"h-c-headline h-u-mt-std h-c-headline--four h-u-font-weight-medium h-has-bottom-margin\">Condiciones de uso de la Consola Play<\/h5>\n<p><strong>En vigor a partir del 29 de abril de 2020<\/strong><\/p>\n<p><strong>1. Condiciones aplicables<\/strong><\/p>\n<p>1.1 Gracias por utilizar Play Console. Play Console es un servicio que se ofrece a los desarrolladores en la siguiente direcci\u00f3n   <a href=\"https:\/\/play.google.com\/apps\/publish\">https:\/\/play.google.com\/apps\/publish<\/a>  por Google LLC, una sociedad de responsabilidad limitada registrada en Delaware cuyo domicilio social principal se encuentra en 1600 Amphitheatre Parkway, Mountain View, CA 94043, EE.UU; Google Ireland Limited, sociedad constituida en Irlanda y cuya sede social se encuentra en Gordon House, Barrow Street, Dubl\u00edn 4, Irlanda; Google Commerce Limited, sociedad constituida en Irlanda y cuya sede social se encuentra en Gordon House, Barrow Street, Dubl\u00edn 4, Irlanda; o Google Asia Pacific Pte. Limited, una empresa registrada en Singapur cuya sede social se encuentra en 70 Pasir Panjang Road, #03-71, Mapletree Business City, Singapur 117371. Estas Entidades de Google (denominadas colectivamente en el presente documento \u00abGoogle\u00bb o \u00abnosotros\u00bb) y sus respectivas direcciones est\u00e1n sujetas a cambios. Tu uso individual de Google Play Console est\u00e1 sujeto a estas Condiciones de uso de Google Play Console (\u00abCondiciones\u00bb).   <\/p>\n<p>1.2 Para aceptar las Condiciones y utilizar la Consola Play, debes tener al menos 18 a\u00f1os y ser mayor de edad en Tu pa\u00eds para estar vinculado por un contrato con Google.<\/p>\n<p>1.3 Estas Condiciones te vinculan legalmente a Google en relaci\u00f3n con tu uso de la Consola Play.<\/p>\n<p>1.4 Estas Condiciones complementan el Acuerdo de Distribuci\u00f3n para Desarrolladores de Google Play actualmente disponible en <a href=\"https:\/\/play.google.com\/intl\/ALL_fr\/about\/developer-distribution-agreement.html\">https:\/\/play.google.com\/intl\/ALL_fr\/about\/developer-distribution-agreement.html<\/a> (el \u00abSDRA\u00bb). Debes aceptar el SDRA para poder utilizar la Consola Play. <\/p>\n<p>1.5 El t\u00e9rmino \u00abPlay Console\u00bb incluye las diferentes versiones de Play Console (web, web m\u00f3vil y aplicaci\u00f3n) que Google puede poner a tu disposici\u00f3n. Play Console proporciona herramientas de gesti\u00f3n, publicaci\u00f3n y referenciaci\u00f3n, as\u00ed como estad\u00edsticas y an\u00e1lisis basados en datos de rendimiento de las aplicaciones asociadas a la Cuenta de Desarrollador, en Google Play y en el sistema operativo Android. <\/p>\n<p><strong>2. Definiciones<\/strong><\/p>\n<p>Los t\u00e9rminos en may\u00fasculas no definidos en estas Condiciones Generales tendr\u00e1n el significado que se les atribuye en el CRDD.<\/p>\n<p class=\"h-u-ml-l\"><strong>Titular de la cuenta<\/strong>: el usuario que cre\u00f3 inicialmente la Cuenta de Desarrollador.<\/p>\n<p class=\"h-u-ml-l\"><strong>Usuario de la Consola de Juegos<\/strong>: cualquier usuario de la Cuenta de Desarrollador que no sea el Titular de la Cuenta.<\/p>\n<p class=\"h-u-ml-l\"><strong>T\u00fa (v\u00e9ase tambi\u00e9n \u00abTu\u00bb, \u00abTuyo\u00bb)<\/strong>: se refiere a cualquier usuario individual de la Consola Play, ya sea como Titular de Cuenta o como Usuario de la Consola Play.<\/p>\n<p><strong>3. Confidencialidad y datos recogidos<\/strong><\/p>\n<p>3.1. Cualquier dato recopilado o utilizado en relaci\u00f3n con tu uso de la Consola de Juegos ser\u00e1 tratado de acuerdo con la Pol\u00edtica de <a href=\"https:\/\/policies.google.com\/privacy?hl=fr\" target=\"_blank\" rel=\"noopener\">Privacidad de<\/a> Google. Adem\u00e1s, existen ciertos casos especiales explicados a continuaci\u00f3n que se aplican a los datos que Google recopila en relaci\u00f3n con la Consola de Juegos. <\/p>\n<p>3.2 Cuando utilizas la Consola de Reproducci\u00f3n o las API para Desarrolladores de Google Play (disponibles en <a href=\"https:\/\/developer.android.com\/google\/play\/developer-api\" target=\"_blank\" rel=\"noopener\">https:\/\/developer.android.com\/google\/play\/developer-api)<\/a>, Google recopila determinada \u00abInformaci\u00f3n de Uso\u00bb. Por \u00abInformaci\u00f3n de Uso\u00bb se entiende la informaci\u00f3n sobre Tu uso de la Consola de Reproducci\u00f3n, como Tus visitas a p\u00e1ginas y visualizaciones de datos, Tus interacciones con las funciones de la Consola de Reproducci\u00f3n (incluidas las relacionadas con la gesti\u00f3n de las aplicaciones de la Cuenta de Desarrollador), Tus acciones al utilizar las API de Desarrollador de Google Play y Tu direcci\u00f3n de correo electr\u00f3nico de inicio de sesi\u00f3n en la Consola de Reproducci\u00f3n, as\u00ed como las direcciones IP y las marcas de tiempo asociadas a esas actividades. Google asocia esta Informaci\u00f3n de Uso a la Cuenta de Desarrollador.  <\/p>\n<p>3.3 Cualquier Informaci\u00f3n de Uso recopilada por Google podr\u00e1 ser compartida con el Titular de la Cuenta, entre otras cosas, para permitirle gestionar la Cuenta de Desarrollador, incluyendo la supervisi\u00f3n de las acciones del usuario y la detecci\u00f3n de posibles usos indebidos.<\/p>\n<p>3.4 En caso de que las solicitudes se transfieran a una nueva Cuenta de Promotor, toda la Informaci\u00f3n de Uso relativa a dichas solicitudes se asociar\u00e1 a la nueva Cuenta de Promotor y podr\u00e1 compartirse con el Titular de la nueva Cuenta de Promotor, tal y como se describe en la Secci\u00f3n 3.3.<\/p>\n<p>3.5 Google conservar\u00e1 la Informaci\u00f3n de Uso mientras est\u00e9 activa la Cuenta de Desarrollador asociada. Cualquier cambio en Tu capacidad para acceder a la Consola de Reproducci\u00f3n o en Tus credenciales de inicio de sesi\u00f3n (incluida la desactivaci\u00f3n) no afectar\u00e1 a este periodo de conservaci\u00f3n. <\/p>\n<p><strong>4. Restricciones de uso<\/strong><\/p>\n<p>No puedes utilizar la Consola de Juegos :<\/p>\n<ul class=\"h-u-ml-l h-u-mt-std\">\n<li>para cualquier acci\u00f3n no prevista en las funcionalidades de la Consola Play, tal y como se describe en los T\u00e9rminos y Condiciones y en otros documentos relativos a la Consola Play;<\/li>\n<li>por participar en actividades ilegales, incitar a comportamientos abusivos o hacer apolog\u00eda de tales comportamientos;<\/li>\n<li>inutilizar, interferir, aplicar ingenier\u00eda inversa o eludir cualquier aspecto de la Consola Play; o<\/li>\n<li class=\"h-u-mb-std\">acceder a cualquier otro producto o servicio de Google incumpliendo las Condiciones de uso de dicho producto o servicio.<\/li>\n<\/ul>\n<p><strong>5. Modificaci\u00f3n y rescisi\u00f3n de los servicios<\/strong><\/p>\n<p>5.1 Google puede, a su absoluta discreci\u00f3n, cambiar, interrumpir o restringir el acceso a cualquier caracter\u00edstica o funcionalidad de la Consola de Reproducci\u00f3n, incluidos los informes estad\u00edsticos, por cualquier motivo y en cualquier momento, sin responsabilidad alguna ante Ti o el Titular de la Cuenta.<\/p>\n<p>5.2 Si Google pone fin al servicio de la Consola de Reproducci\u00f3n, te avisar\u00e1 con una antelaci\u00f3n razonable. Si Google suprime una estad\u00edstica clave o una funci\u00f3n de informe, Google se esforzar\u00e1 por notificarlo por escrito con al menos treinta (30) d\u00edas de antelaci\u00f3n, mediante un mensaje en el propio producto o por correo electr\u00f3nico, publicaci\u00f3n en el blog u otros medios razonables. <\/p>\n<p>5.3 Google puede modificar las Condiciones en cualquier momento notific\u00e1ndoselo a Usted, d\u00e1ndole la oportunidad de excluirse de los cambios y dejar de utilizar Play Console. Google publicar\u00e1 los cambios de las Condiciones en el sitio web de Play Console<a href=\"https:\/\/play.google.com\/console\">(play.google.com\/console<\/a>) y los enviar\u00e1 a Tu direcci\u00f3n de correo electr\u00f3nico. Los cambios no son retroactivos. Ser\u00e1n efectivos y se considerar\u00e1n aceptados por Ti, (a) inmediatamente para las personas que se conviertan en Titulares de Cuenta o Usuarios de la Consola de Reproducci\u00f3n despu\u00e9s de la publicaci\u00f3n del aviso, o (b) para los Titulares de Cuenta y Usuarios de la Consola de Reproducci\u00f3n preexistentes, en la fecha especificada en el aviso, al menos treinta (30) d\u00edas despu\u00e9s de la publicaci\u00f3n de los cambios (excepto en el caso de cambios de nuevas funciones de la Consola de Reproducci\u00f3n o cambios exigidos por ley, que ser\u00e1n efectivos inmediatamente).     <\/p>\n<p>5.4 Si no est\u00e1s de acuerdo con cualquier cambio en las Condiciones, deber\u00e1s dejar de utilizar la Consola Play, lo que constituir\u00e1 tu \u00fanico y exclusivo recurso. Reconoces que Tu uso continuado de la Consola de Juego constituye Tu aceptaci\u00f3n de los cambios en las Condiciones. <\/p>\n<p>5.5 En caso de incumplimiento de las Condiciones, Google tendr\u00e1 derecho a inhabilitar Tu acceso a la Consola de Juegos. Adem\u00e1s, en la medida en que lo permita la ley, Google podr\u00e1 inhabilitar Tu acceso por cualquier motivo previa notificaci\u00f3n por escrito a Ti con treinta (30) d\u00edas de antelaci\u00f3n. <\/p>\n<p><strong>6. Condiciones legales generales<\/strong><\/p>\n<p>6.1 La legislaci\u00f3n aplicable y la jurisdicci\u00f3n especificadas en las CEDD se aplicar\u00e1n a todas las reclamaciones que surjan de o en relaci\u00f3n con las Condiciones o Su relaci\u00f3n con Google en virtud de las Condiciones.<\/p>\n<p>6.2 Estas Condiciones, las Condiciones de la API para Desarrolladores de Google Play (si utilizas las API para Desarrolladores de Google Play) y el SDRC constituyen el acuerdo legal completo entre T\u00fa y Google y rigen Tu uso de la Consola de Reproducci\u00f3n. Sustituyen en su totalidad a cualquier acuerdo anterior entre T\u00fa y Google con respecto a la Consola de Juegos. Prevalece la versi\u00f3n en ingl\u00e9s de estas Condiciones. Cualquier traducci\u00f3n no es vinculante y se proporciona \u00fanicamente por conveniencia. En caso de conflicto entre estas Condiciones, las Condiciones de la API para Desarrolladores de Google Play y el SDRC, prevalecer\u00e1n estas Condiciones.    <\/p>\n<h5>6.3 Las Secciones 2 (Definiciones), 3 (Confidencialidad y datos recogidos) y 6 (Condiciones legales generales) seguir\u00e1n vigentes tras la expiraci\u00f3n o rescisi\u00f3n de estas Condiciones.<\/h5>\n<p> <\/p>\n<p><\/p>\t\t\t\t\t\t\t\t<\/div>\n\t\t\t\t<\/div>\n\t\t\t\t<div class=\"elementor-element elementor-element-3f95d51 elementor-widget elementor-widget-spacer\" data-id=\"3f95d51\" data-element_type=\"widget\" data-e-type=\"widget\" data-widget_type=\"spacer.default\">\n\t\t\t\t<div class=\"elementor-widget-container\">\n\t\t\t\t\t\t\t<div class=\"elementor-spacer\">\n\t\t\t<div class=\"elementor-spacer-inner\"><\/div>\n\t\t<\/div>\n\t\t\t\t\t\t<\/div>\n\t\t\t\t<\/div>\n\t\t\t\t\t<\/div>\n\t\t<\/div>\n\t\t\t\t\t<\/div>\n\t\t<\/section>\n\t\t\t\t<\/div>\n\t\t","protected":false},"excerpt":{"rendered":"<p>Informaci\u00f3n legal SOCI\u00c9T\u00c9 DE PRODUCTION AG es una sociedad de responsabilidad limitada con un capital de 7.622,45 euros, con domicilio social en 55 Avenue Marceau 75016 &#8211; Par\u00eds, registrada con el n\u00famero RCS Paris B 319 556 494. Les Folies Gruss es el editor del sitio web www.folies-gruss.com (en adelante, el \u00abSitio\u00bb) y el Sr. [&hellip;]<\/p>\n","protected":false},"author":1,"featured_media":0,"parent":0,"menu_order":0,"comment_status":"closed","ping_status":"closed","template":"elementor_header_footer","meta":{"footnotes":""},"class_list":["post-8463","page","type-page","status-publish","hentry"],"_links":{"self":[{"href":"https:\/\/www.folies-gruss.com\/es\/wp-json\/wp\/v2\/pages\/8463","targetHints":{"allow":["GET"]}}],"collection":[{"href":"https:\/\/www.folies-gruss.com\/es\/wp-json\/wp\/v2\/pages"}],"about":[{"href":"https:\/\/www.folies-gruss.com\/es\/wp-json\/wp\/v2\/types\/page"}],"author":[{"embeddable":true,"href":"https:\/\/www.folies-gruss.com\/es\/wp-json\/wp\/v2\/users\/1"}],"replies":[{"embeddable":true,"href":"https:\/\/www.folies-gruss.com\/es\/wp-json\/wp\/v2\/comments?post=8463"}],"version-history":[{"count":1,"href":"https:\/\/www.folies-gruss.com\/es\/wp-json\/wp\/v2\/pages\/8463\/revisions"}],"predecessor-version":[{"id":8464,"href":"https:\/\/www.folies-gruss.com\/es\/wp-json\/wp\/v2\/pages\/8463\/revisions\/8464"}],"wp:attachment":[{"href":"https:\/\/www.folies-gruss.com\/es\/wp-json\/wp\/v2\/media?parent=8463"}],"curies":[{"name":"wp","href":"https:\/\/api.w.org\/{rel}","templated":true}]}}